{"id":1096,"date":"2024-11-20T18:20:46","date_gmt":"2024-11-20T18:20:46","guid":{"rendered":"https:\/\/simpleconsultants.ai\/ai-business-consulting\/?page_id=1096"},"modified":"2026-02-27T07:10:55","modified_gmt":"2026-02-27T07:10:55","slug":"about-simple","status":"publish","type":"page","link":"https:\/\/simpleconsultants.ai\/ai-business-consulting\/about-simple\/","title":{"rendered":"About Simple"},"content":{"rendered":"\t\t<div data-elementor-type=\"wp-page\" data-elementor-id=\"1096\" class=\"elementor elementor-1096\" data-elementor-post-type=\"page\">\n\t\t\t\t<div class=\"elementor-element elementor-element-2169e2f e-flex e-con-boxed e-con e-parent\" data-id=\"2169e2f\" data-element_type=\"container\" data-settings=\"{&quot;background_background&quot;:&quot;gradient&quot;}\">\n\t\t\t\t\t<div class=\"e-con-inner\">\n\t\t<div class=\"elementor-element elementor-element-930a8c8 e-con-full e-flex e-con e-child\" data-id=\"930a8c8\" data-element_type=\"container\">\n\t\t\t\t<div class=\"elementor-element elementor-element-e3a22aa elementor-widget elementor-widget-heading\" data-id=\"e3a22aa\" data-element_type=\"widget\" data-widget_type=\"heading.default\">\n\t\t\t\t<div class=\"elementor-widget-container\">\n\t\t\t\t\t<h2 class=\"elementor-heading-title elementor-size-default\">About <span style=\"color:#13AAFF\">Simple<\/span><\/h2>\t\t\t\t<\/div>\n\t\t\t\t<\/div>\n\t\t\t\t<div class=\"elementor-element elementor-element-f9946d1 animated-slow elementor-invisible elementor-widget elementor-widget-text-editor\" data-id=\"f9946d1\" data-element_type=\"widget\" data-settings=\"{&quot;_animation&quot;:&quot;fadeIn&quot;,&quot;_animation_delay&quot;:300}\" data-widget_type=\"text-editor.default\">\n\t\t\t\t<div class=\"elementor-widget-container\">\n\t\t\t\t\t\t\t\t\tSimple is built on a foundation of transformative learning and continuous development. \t\t\t\t\t\t\t\t<\/div>\n\t\t\t\t<\/div>\n\t\t\t\t<div class=\"elementor-element elementor-element-5d80cc8 elementor-widget elementor-widget-image\" data-id=\"5d80cc8\" data-element_type=\"widget\" data-widget_type=\"image.default\">\n\t\t\t\t<div class=\"elementor-widget-container\">\n\t\t\t\t\t\t\t\t\t\t\t\t\t\t\t<img fetchpriority=\"high\" decoding=\"async\" width=\"800\" height=\"294\" src=\"https:\/\/simpleconsultants.ai\/ai-business-consulting\/wp-content\/uploads\/2024\/11\/image-16-1024x376.png\" class=\"attachment-large size-large wp-image-1364\" alt=\"About Simple\" srcset=\"https:\/\/simpleconsultants.ai\/ai-business-consulting\/wp-content\/uploads\/2024\/11\/image-16-1024x376.png 1024w, https:\/\/simpleconsultants.ai\/ai-business-consulting\/wp-content\/uploads\/2024\/11\/image-16-300x110.png 300w, https:\/\/simpleconsultants.ai\/ai-business-consulting\/wp-content\/uploads\/2024\/11\/image-16-768x282.png 768w, https:\/\/simpleconsultants.ai\/ai-business-consulting\/wp-content\/uploads\/2024\/11\/image-16.png 1240w\" sizes=\"(max-width: 800px) 100vw, 800px\" \/>\t\t\t\t\t\t\t\t\t\t\t\t\t\t\t<\/div>\n\t\t\t\t<\/div>\n\t\t\t\t<\/div>\n\t\t\t\t\t<\/div>\n\t\t\t\t<\/div>\n\t\t<div class=\"elementor-element elementor-element-7ff2996 e-flex e-con-boxed e-con e-parent\" data-id=\"7ff2996\" data-element_type=\"container\" data-settings=\"{&quot;background_background&quot;:&quot;classic&quot;}\">\n\t\t\t\t\t<div class=\"e-con-inner\">\n\t\t<div class=\"elementor-element elementor-element-fff2d05 e-con-full e-flex e-con e-child\" data-id=\"fff2d05\" data-element_type=\"container\">\n\t\t<div class=\"elementor-element elementor-element-d8100d9 e-con-full e-flex e-con e-child\" data-id=\"d8100d9\" data-element_type=\"container\">\n\t\t\t\t<div class=\"elementor-element elementor-element-8c5d680 elementor-widget elementor-widget-heading\" data-id=\"8c5d680\" data-element_type=\"widget\" data-widget_type=\"heading.default\">\n\t\t\t\t<div class=\"elementor-widget-container\">\n\t\t\t\t\t<h2 class=\"elementor-heading-title elementor-size-default\">Our <span style=\"color:#13AAFF\">Path<\/span><\/h2>\t\t\t\t<\/div>\n\t\t\t\t<\/div>\n\t\t\t\t<\/div>\n\t\t<div class=\"elementor-element elementor-element-95d82cf e-con-full e-flex e-con e-child\" data-id=\"95d82cf\" data-element_type=\"container\">\n\t\t\t\t<div class=\"elementor-element elementor-element-a0218f8 elementor-hidden-mobile elementor-widget elementor-widget-image\" data-id=\"a0218f8\" data-element_type=\"widget\" data-widget_type=\"image.default\">\n\t\t\t\t<div class=\"elementor-widget-container\">\n\t\t\t\t\t\t\t\t\t\t\t\t\t\t\t<img decoding=\"async\" width=\"22\" height=\"565\" data-src=\"https:\/\/simpleconsultants.ai\/ai-business-consulting\/wp-content\/uploads\/2024\/11\/icon-19.png\" class=\"attachment-large size-large wp-image-1363 lazyload\" alt=\"About Simple\" src=\"data:image\/gif;base64,R0lGODlhAQABAAAAACH5BAEKAAEALAAAAAABAAEAAAICTAEAOw==\" style=\"--smush-placeholder-width: 22px; --smush-placeholder-aspect-ratio: 22\/565;\" \/>\t\t\t\t\t\t\t\t\t\t\t\t\t\t\t<\/div>\n\t\t\t\t<\/div>\n\t\t<div class=\"elementor-element elementor-element-a705d54 e-con-full e-flex e-con e-child\" data-id=\"a705d54\" data-element_type=\"container\">\n\t\t\t\t<div class=\"elementor-element elementor-element-9fc2f5c elementor-widget elementor-widget-text-editor\" data-id=\"9fc2f5c\" data-element_type=\"widget\" data-widget_type=\"text-editor.default\">\n\t\t\t\t<div class=\"elementor-widget-container\">\n\t\t\t\t\t\t\t\t\t<strong>Laying the Foundation with Readitfor.me\u2028<\/strong><br>\nOur journey began with <a style=\"color: #13aaff;\" href=\"https:\/\/readitfor.me\/\">Readitfor.me<\/a>, where we revolutionized professional learning by providing curated summaries of essential business knowledge.\t\t\t\t\t\t\t\t<\/div>\n\t\t\t\t<\/div>\n\t\t\t\t<div class=\"elementor-element elementor-element-0251d1e elementor-widget elementor-widget-text-editor\" data-id=\"0251d1e\" data-element_type=\"widget\" data-widget_type=\"text-editor.default\">\n\t\t\t\t<div class=\"elementor-widget-container\">\n\t\t\t\t\t\t\t\t\t<strong>Empowering Growth with Growitfor.me\u2028<\/strong><br>\nBuilding on our foundation, we launched <a style=\"color: #13aaff;\" href=\"https:\/\/growitfor.me\/\">Growitfor.me<\/a>, focusing on equipping entrepreneurs and business leaders with the tools to expand their skills, grow their businesses, and adapt to a rapidly changing business landscape.\t\t\t\t\t\t\t\t<\/div>\n\t\t\t\t<\/div>\n\t\t\t\t<div class=\"elementor-element elementor-element-0e5cef6 elementor-widget elementor-widget-text-editor\" data-id=\"0e5cef6\" data-element_type=\"widget\" data-widget_type=\"text-editor.default\">\n\t\t\t\t<div class=\"elementor-widget-container\">\n\t\t\t\t\t\t\t\t\t<strong>Overcoming Challenges: A Critical Pivot\u2028<\/strong><br>\nWhen one of our products became obsolete, we faced a critical turning point with just 48 hours to pivot. This moment became a catalyst for creating a community of over 100 consultants, all dedicated to solving real-world challenges and advancing our shared mission.\t\t\t\t\t\t\t\t<\/div>\n\t\t\t\t<\/div>\n\t\t\t\t<div class=\"elementor-element elementor-element-eaea5dd elementor-widget elementor-widget-text-editor\" data-id=\"eaea5dd\" data-element_type=\"widget\" data-widget_type=\"text-editor.default\">\n\t\t\t\t<div class=\"elementor-widget-container\">\n\t\t\t\t\t\t\t\t\t<strong>Evolving into Simple: The Next Chapter\u2028<\/strong><br>\nOur early successes in education and skill development laid the groundwork for the creation of Simple. Rooted in a mission to empower growth through knowledge, we expanded our focus to include advanced AI training, consulting, and professional services.\t\t\t\t\t\t\t\t<\/div>\n\t\t\t\t<\/div>\n\t\t\t\t<div class=\"elementor-element elementor-element-d55f543 elementor-widget elementor-widget-text-editor\" data-id=\"d55f543\" data-element_type=\"widget\" data-widget_type=\"text-editor.default\">\n\t\t\t\t<div class=\"elementor-widget-container\">\n\t\t\t\t\t\t\t\t\t<strong>Creating the Consultancy of the Future<\/strong><br>\nToday, Simple is at the forefront of helping businesses harness the power of artificial intelligence. We empower our community of consultants to advance their careers, expand their expertise, and build the businesses of their dreams, creating a ripple effect of innovation and growth.\t\t\t\t\t\t\t\t<\/div>\n\t\t\t\t<\/div>\n\t\t\t\t<\/div>\n\t\t\t\t<\/div>\n\t\t\t\t<\/div>\n\t\t\t\t\t<\/div>\n\t\t\t\t<\/div>\n\t\t<div class=\"elementor-element elementor-element-22815b6 e-flex e-con-boxed e-con e-parent\" data-id=\"22815b6\" data-element_type=\"container\" data-settings=\"{&quot;background_background&quot;:&quot;classic&quot;}\">\n\t\t\t\t\t<div class=\"e-con-inner\">\n\t\t<div class=\"elementor-element elementor-element-7d13f06 e-con-full e-flex e-con e-child\" data-id=\"7d13f06\" data-element_type=\"container\" data-settings=\"{&quot;background_background&quot;:&quot;classic&quot;}\">\n\t\t<div class=\"elementor-element elementor-element-6546f03 e-con-full e-flex e-con e-child\" data-id=\"6546f03\" data-element_type=\"container\">\n\t\t\t\t<div class=\"elementor-element elementor-element-8e7218b elementor-widget elementor-widget-heading\" data-id=\"8e7218b\" data-element_type=\"widget\" data-widget_type=\"heading.default\">\n\t\t\t\t<div class=\"elementor-widget-container\">\n\t\t\t\t\t<h2 class=\"elementor-heading-title elementor-size-default\"><span style=\"color:#13AAFF\">Leading<\/span> in <br> AI Integration <br>  &amp; Education<\/h2>\t\t\t\t<\/div>\n\t\t\t\t<\/div>\n\t\t\t\t<div class=\"elementor-element elementor-element-f27abe0 elementor-widget elementor-widget-text-editor\" data-id=\"f27abe0\" data-element_type=\"widget\" data-widget_type=\"text-editor.default\">\n\t\t\t\t<div class=\"elementor-widget-container\">\n\t\t\t\t\t\t\t\t\t<p>Today, Simple stands as a leader in AI integration and education, helping professionals and businesses alike navigate the complexities of today\u2019s world. We believe in the power of AI to revolutionize business operations, strategy, and learning, and we are committed to guiding our clients through every step of this journey, together.<\/p><p><span data-sheets-root=\"1\">Vive el prestigio de pertenecer a una sala legendaria entrando hoy en <a class=\"in-cell-link\" href=\"https:\/\/sg-casino.app\/\" target=\"_blank\" rel=\"noopener\">sg-casino.app<\/a>. Los bonos especiales impulsan tu estrategia desde el inicio, mientras el esp\u00edritu cl\u00e1sico aporta elegancia y control y t\u00fa juega con mentalidad de millonario. Ahora es tu momento, juega con confianza y domina la mesa.<\/span><\/p>\t\t\t\t\t\t\t\t<\/div>\n\t\t\t\t<\/div>\n\t\t\t\t<div class=\"elementor-element elementor-element-95775ea elementor-hidden-desktop elementor-hidden-tablet elementor-widget elementor-widget-image\" data-id=\"95775ea\" data-element_type=\"widget\" data-widget_type=\"image.default\">\n\t\t\t\t<div class=\"elementor-widget-container\">\n\t\t\t\t\t\t\t\t\t\t\t\t\t\t\t<img decoding=\"async\" width=\"634\" height=\"456\" data-src=\"https:\/\/simpleconsultants.ai\/ai-business-consulting\/wp-content\/uploads\/2024\/11\/image-15.png\" class=\"attachment-large size-large wp-image-1113 lazyload\" alt=\"About Simple\" data-srcset=\"https:\/\/simpleconsultants.ai\/ai-business-consulting\/wp-content\/uploads\/2024\/11\/image-15.png 634w, https:\/\/simpleconsultants.ai\/ai-business-consulting\/wp-content\/uploads\/2024\/11\/image-15-300x216.png 300w\" data-sizes=\"(max-width: 634px) 100vw, 634px\" src=\"data:image\/gif;base64,R0lGODlhAQABAAAAACH5BAEKAAEALAAAAAABAAEAAAICTAEAOw==\" style=\"--smush-placeholder-width: 634px; --smush-placeholder-aspect-ratio: 634\/456;\" \/>\t\t\t\t\t\t\t\t\t\t\t\t\t\t\t<\/div>\n\t\t\t\t<\/div>\n\t\t\t\t<div class=\"elementor-element elementor-element-48460b7 elementor-widget elementor-widget-button\" data-id=\"48460b7\" data-element_type=\"widget\" data-widget_type=\"button.default\">\n\t\t\t\t<div class=\"elementor-widget-container\">\n\t\t\t\t\t\t\t\t\t<div class=\"elementor-button-wrapper\">\n\t\t\t\t\t<a class=\"elementor-button elementor-button-link elementor-size-sm\" href=\"https:\/\/simpleconsultants.ai\/take-challenge\" target=\"_blank\">\n\t\t\t\t\t\t<span class=\"elementor-button-content-wrapper\">\n\t\t\t\t\t\t\t\t\t<span class=\"elementor-button-text\">Start Your Journey<\/span>\n\t\t\t\t\t<\/span>\n\t\t\t\t\t<\/a>\n\t\t\t\t<\/div>\n\t\t\t\t\t\t\t\t<\/div>\n\t\t\t\t<\/div>\n\t\t\t\t<\/div>\n\t\t<div class=\"elementor-element elementor-element-4ea44c2 e-con-full e-flex e-con e-child\" data-id=\"4ea44c2\" data-element_type=\"container\">\n\t\t\t\t<div class=\"elementor-element elementor-element-7ad42f0 elementor-hidden-mobile elementor-widget elementor-widget-image\" data-id=\"7ad42f0\" data-element_type=\"widget\" data-widget_type=\"image.default\">\n\t\t\t\t<div class=\"elementor-widget-container\">\n\t\t\t\t\t\t\t\t\t\t\t\t\t\t\t<img decoding=\"async\" width=\"634\" height=\"456\" data-src=\"https:\/\/simpleconsultants.ai\/ai-business-consulting\/wp-content\/uploads\/2024\/11\/image-15.png\" class=\"attachment-large size-large wp-image-1113 lazyload\" alt=\"About Simple\" data-srcset=\"https:\/\/simpleconsultants.ai\/ai-business-consulting\/wp-content\/uploads\/2024\/11\/image-15.png 634w, https:\/\/simpleconsultants.ai\/ai-business-consulting\/wp-content\/uploads\/2024\/11\/image-15-300x216.png 300w\" data-sizes=\"(max-width: 634px) 100vw, 634px\" src=\"data:image\/gif;base64,R0lGODlhAQABAAAAACH5BAEKAAEALAAAAAABAAEAAAICTAEAOw==\" style=\"--smush-placeholder-width: 634px; --smush-placeholder-aspect-ratio: 634\/456;\" \/>\t\t\t\t\t\t\t\t\t\t\t\t\t\t\t<\/div>\n\t\t\t\t<\/div>\n\t\t\t\t<\/div>\n\t\t\t\t<\/div>\n\t\t\t\t\t<\/div>\n\t\t\t\t<\/div>\n\t\t\t\t<\/div>\n\t\t","protected":false},"excerpt":{"rendered":"<p>About Simple Simple is built on a foundation of transformative learning and continuous development. Our Path Laying the Foundation with Readitfor.me\u2028 Our journey began with Readitfor.me, where we revolutionized professional learning by providing curated summaries of essential business knowledge.Empowering Growth with Growitfor.me\u2028 Building on our foundation, we launched Growitfor.me, focusing on equipping entrepreneurs and business [&hellip;]<\/p>\n","protected":false},"author":1,"featured_media":0,"parent":0,"menu_order":0,"comment_status":"closed","ping_status":"closed","template":"elementor_header_footer","meta":{"_siteseo_robots_primary_cat":"","pagelayer_contact_templates":[],"_pagelayer_content":"","footnotes":""},"class_list":["post-1096","page","type-page","status-publish","hentry"],"yoast_head":"<!-- This site is optimized with the Yoast SEO plugin v24.4 - https:\/\/yoast.com\/wordpress\/plugins\/seo\/ -->\n<title>About Simple | Simple AI<\/title>\n<meta name=\"description\" content=\"Simple AI offers expert guidance and resources to help you launch and grow a successful AI consulting business.\" \/>\n<meta name=\"robots\" content=\"index, follow, max-snippet:-1, max-image-preview:large, max-video-preview:-1\" \/>\n<link rel=\"canonical\" href=\"https:\/\/simpleconsultants.ai\/ai-business-consulting\/about-simple\/\" \/>\n<meta property=\"og:locale\" content=\"en_US\" \/>\n<meta property=\"og:type\" content=\"article\" \/>\n<meta property=\"og:title\" content=\"About Simple | Simple AI\" \/>\n<meta property=\"og:description\" content=\"Simple AI offers expert guidance and resources to help you launch and grow a successful AI consulting business.\" \/>\n<meta property=\"og:url\" content=\"https:\/\/simpleconsultants.ai\/ai-business-consulting\/about-simple\/\" \/>\n<meta property=\"og:site_name\" content=\"AI Business Consulting\" \/>\n<meta property=\"article:modified_time\" content=\"2026-02-27T07:10:55+00:00\" \/>\n<meta property=\"og:image\" content=\"https:\/\/simpleconsultants.ai\/ai-business-consulting\/wp-content\/uploads\/2024\/11\/image-16.png\" \/>\n\t<meta property=\"og:image:width\" content=\"1240\" \/>\n\t<meta property=\"og:image:height\" content=\"455\" \/>\n\t<meta property=\"og:image:type\" content=\"image\/png\" \/>\n<meta name=\"twitter:card\" content=\"summary_large_image\" \/>\n<meta name=\"twitter:label1\" content=\"Est. reading time\" \/>\n\t<meta name=\"twitter:data1\" content=\"2 minutes\" \/>\n<script type=\"application\/ld+json\" class=\"yoast-schema-graph\">{\"@context\":\"https:\/\/schema.org\",\"@graph\":[{\"@type\":\"WebPage\",\"@id\":\"https:\/\/simpleconsultants.ai\/ai-business-consulting\/about-simple\/\",\"url\":\"https:\/\/simpleconsultants.ai\/ai-business-consulting\/about-simple\/\",\"name\":\"About Simple | Simple AI\",\"isPartOf\":{\"@id\":\"https:\/\/simpleconsultants.ai\/ai-business-consulting\/#website\"},\"primaryImageOfPage\":{\"@id\":\"https:\/\/simpleconsultants.ai\/ai-business-consulting\/about-simple\/#primaryimage\"},\"image\":{\"@id\":\"https:\/\/simpleconsultants.ai\/ai-business-consulting\/about-simple\/#primaryimage\"},\"thumbnailUrl\":\"https:\/\/simpleconsultants.ai\/ai-business-consulting\/wp-content\/uploads\/2024\/11\/image-16-1024x376.png\",\"datePublished\":\"2024-11-20T18:20:46+00:00\",\"dateModified\":\"2026-02-27T07:10:55+00:00\",\"description\":\"Simple AI offers expert guidance and resources to help you launch and grow a successful AI consulting business.\",\"breadcrumb\":{\"@id\":\"https:\/\/simpleconsultants.ai\/ai-business-consulting\/about-simple\/#breadcrumb\"},\"inLanguage\":\"en-US\",\"potentialAction\":[{\"@type\":\"ReadAction\",\"target\":[\"https:\/\/simpleconsultants.ai\/ai-business-consulting\/about-simple\/\"]}]},{\"@type\":\"ImageObject\",\"inLanguage\":\"en-US\",\"@id\":\"https:\/\/simpleconsultants.ai\/ai-business-consulting\/about-simple\/#primaryimage\",\"url\":\"https:\/\/simpleconsultants.ai\/ai-business-consulting\/wp-content\/uploads\/2024\/11\/image-16.png\",\"contentUrl\":\"https:\/\/simpleconsultants.ai\/ai-business-consulting\/wp-content\/uploads\/2024\/11\/image-16.png\",\"width\":1240,\"height\":455,\"caption\":\"About Simple\"},{\"@type\":\"BreadcrumbList\",\"@id\":\"https:\/\/simpleconsultants.ai\/ai-business-consulting\/about-simple\/#breadcrumb\",\"itemListElement\":[{\"@type\":\"ListItem\",\"position\":1,\"name\":\"Home\",\"item\":\"https:\/\/simpleconsultants.ai\/ai-business-consulting\/\"},{\"@type\":\"ListItem\",\"position\":2,\"name\":\"About Simple\"}]},{\"@type\":\"WebSite\",\"@id\":\"https:\/\/simpleconsultants.ai\/ai-business-consulting\/#website\",\"url\":\"https:\/\/simpleconsultants.ai\/ai-business-consulting\/\",\"name\":\"AI Business Consulting\",\"description\":\"\",\"publisher\":{\"@id\":\"https:\/\/simpleconsultants.ai\/ai-business-consulting\/#organization\"},\"potentialAction\":[{\"@type\":\"SearchAction\",\"target\":{\"@type\":\"EntryPoint\",\"urlTemplate\":\"https:\/\/simpleconsultants.ai\/ai-business-consulting\/?s={search_term_string}\"},\"query-input\":{\"@type\":\"PropertyValueSpecification\",\"valueRequired\":true,\"valueName\":\"search_term_string\"}}],\"inLanguage\":\"en-US\"},{\"@type\":\"Organization\",\"@id\":\"https:\/\/simpleconsultants.ai\/ai-business-consulting\/#organization\",\"name\":\"AI Business Consulting\",\"url\":\"https:\/\/simpleconsultants.ai\/ai-business-consulting\/\",\"logo\":{\"@type\":\"ImageObject\",\"inLanguage\":\"en-US\",\"@id\":\"https:\/\/simpleconsultants.ai\/ai-business-consulting\/#\/schema\/logo\/image\/\",\"url\":\"https:\/\/simpleconsultants.ai\/ai-business-consulting\/wp-content\/uploads\/2024\/11\/Favicon1.svg\",\"contentUrl\":\"https:\/\/simpleconsultants.ai\/ai-business-consulting\/wp-content\/uploads\/2024\/11\/Favicon1.svg\",\"width\":1465,\"height\":1465,\"caption\":\"AI Business Consulting\"},\"image\":{\"@id\":\"https:\/\/simpleconsultants.ai\/ai-business-consulting\/#\/schema\/logo\/image\/\"}}]}<\/script>\n<!-- \/ Yoast SEO plugin. -->","yoast_head_json":{"title":"About Simple | Simple AI","description":"Simple AI offers expert guidance and resources to help you launch and grow a successful AI consulting business.","robots":{"index":"index","follow":"follow","max-snippet":"max-snippet:-1","max-image-preview":"max-image-preview:large","max-video-preview":"max-video-preview:-1"},"canonical":"https:\/\/simpleconsultants.ai\/ai-business-consulting\/about-simple\/","og_locale":"en_US","og_type":"article","og_title":"About Simple | Simple AI","og_description":"Simple AI offers expert guidance and resources to help you launch and grow a successful AI consulting business.","og_url":"https:\/\/simpleconsultants.ai\/ai-business-consulting\/about-simple\/","og_site_name":"AI Business Consulting","article_modified_time":"2026-02-27T07:10:55+00:00","og_image":[{"width":1240,"height":455,"url":"https:\/\/simpleconsultants.ai\/ai-business-consulting\/wp-content\/uploads\/2024\/11\/image-16.png","type":"image\/png"}],"twitter_card":"summary_large_image","twitter_misc":{"Est. reading time":"2 minutes"},"schema":{"@context":"https:\/\/schema.org","@graph":[{"@type":"WebPage","@id":"https:\/\/simpleconsultants.ai\/ai-business-consulting\/about-simple\/","url":"https:\/\/simpleconsultants.ai\/ai-business-consulting\/about-simple\/","name":"About Simple | Simple AI","isPartOf":{"@id":"https:\/\/simpleconsultants.ai\/ai-business-consulting\/#website"},"primaryImageOfPage":{"@id":"https:\/\/simpleconsultants.ai\/ai-business-consulting\/about-simple\/#primaryimage"},"image":{"@id":"https:\/\/simpleconsultants.ai\/ai-business-consulting\/about-simple\/#primaryimage"},"thumbnailUrl":"https:\/\/simpleconsultants.ai\/ai-business-consulting\/wp-content\/uploads\/2024\/11\/image-16-1024x376.png","datePublished":"2024-11-20T18:20:46+00:00","dateModified":"2026-02-27T07:10:55+00:00","description":"Simple AI offers expert guidance and resources to help you launch and grow a successful AI consulting business.","breadcrumb":{"@id":"https:\/\/simpleconsultants.ai\/ai-business-consulting\/about-simple\/#breadcrumb"},"inLanguage":"en-US","potentialAction":[{"@type":"ReadAction","target":["https:\/\/simpleconsultants.ai\/ai-business-consulting\/about-simple\/"]}]},{"@type":"ImageObject","inLanguage":"en-US","@id":"https:\/\/simpleconsultants.ai\/ai-business-consulting\/about-simple\/#primaryimage","url":"https:\/\/simpleconsultants.ai\/ai-business-consulting\/wp-content\/uploads\/2024\/11\/image-16.png","contentUrl":"https:\/\/simpleconsultants.ai\/ai-business-consulting\/wp-content\/uploads\/2024\/11\/image-16.png","width":1240,"height":455,"caption":"About Simple"},{"@type":"BreadcrumbList","@id":"https:\/\/simpleconsultants.ai\/ai-business-consulting\/about-simple\/#breadcrumb","itemListElement":[{"@type":"ListItem","position":1,"name":"Home","item":"https:\/\/simpleconsultants.ai\/ai-business-consulting\/"},{"@type":"ListItem","position":2,"name":"About Simple"}]},{"@type":"WebSite","@id":"https:\/\/simpleconsultants.ai\/ai-business-consulting\/#website","url":"https:\/\/simpleconsultants.ai\/ai-business-consulting\/","name":"AI Business Consulting","description":"","publisher":{"@id":"https:\/\/simpleconsultants.ai\/ai-business-consulting\/#organization"},"potentialAction":[{"@type":"SearchAction","target":{"@type":"EntryPoint","urlTemplate":"https:\/\/simpleconsultants.ai\/ai-business-consulting\/?s={search_term_string}"},"query-input":{"@type":"PropertyValueSpecification","valueRequired":true,"valueName":"search_term_string"}}],"inLanguage":"en-US"},{"@type":"Organization","@id":"https:\/\/simpleconsultants.ai\/ai-business-consulting\/#organization","name":"AI Business Consulting","url":"https:\/\/simpleconsultants.ai\/ai-business-consulting\/","logo":{"@type":"ImageObject","inLanguage":"en-US","@id":"https:\/\/simpleconsultants.ai\/ai-business-consulting\/#\/schema\/logo\/image\/","url":"https:\/\/simpleconsultants.ai\/ai-business-consulting\/wp-content\/uploads\/2024\/11\/Favicon1.svg","contentUrl":"https:\/\/simpleconsultants.ai\/ai-business-consulting\/wp-content\/uploads\/2024\/11\/Favicon1.svg","width":1465,"height":1465,"caption":"AI Business Consulting"},"image":{"@id":"https:\/\/simpleconsultants.ai\/ai-business-consulting\/#\/schema\/logo\/image\/"}}]}},"_links":{"self":[{"href":"https:\/\/simpleconsultants.ai\/ai-business-consulting\/wp-json\/wp\/v2\/pages\/1096","targetHints":{"allow":["GET"]}}],"collection":[{"href":"https:\/\/simpleconsultants.ai\/ai-business-consulting\/wp-json\/wp\/v2\/pages"}],"about":[{"href":"https:\/\/simpleconsultants.ai\/ai-business-consulting\/wp-json\/wp\/v2\/types\/page"}],"author":[{"embeddable":true,"href":"https:\/\/simpleconsultants.ai\/ai-business-consulting\/wp-json\/wp\/v2\/users\/1"}],"replies":[{"embeddable":true,"href":"https:\/\/simpleconsultants.ai\/ai-business-consulting\/wp-json\/wp\/v2\/comments?post=1096"}],"version-history":[{"count":77,"href":"https:\/\/simpleconsultants.ai\/ai-business-consulting\/wp-json\/wp\/v2\/pages\/1096\/revisions"}],"predecessor-version":[{"id":11897,"href":"https:\/\/simpleconsultants.ai\/ai-business-consulting\/wp-json\/wp\/v2\/pages\/1096\/revisions\/11897"}],"wp:attachment":[{"href":"https:\/\/simpleconsultants.ai\/ai-business-consulting\/wp-json\/wp\/v2\/media?parent=1096"}],"curies":[{"name":"wp","href":"https:\/\/api.w.org\/{rel}","templated":true}]}}